{"id":47,"date":"2016-12-06T19:11:26","date_gmt":"2016-12-06T19:11:26","guid":{"rendered":"https:\/\/ninetheme.com\/themes\/conversi\/?page_id=47"},"modified":"2025-03-19T18:19:44","modified_gmt":"2025-03-20T00:19:44","slug":"home-4","status":"publish","type":"page","link":"https:\/\/yosoysalud.net\/mednatury\/","title":{"rendered":"Medicina Naturista e Iridolog\u00eda"},"content":{"rendered":"<div class=\"wpb-content-wrapper\"><p>[vc_row][vc_column]\n\t\t\t<!-- START Slider 1 REVOLUTION SLIDER 6.5.17 --><p class=\"rs-p-wp-fix\"><\/p>\n\t\t\t<rs-module-wrap id=\"rev_slider_1_1_wrapper\" data-source=\"gallery\" style=\"visibility:hidden;background:transparent;padding:0;margin:0px auto;margin-top:0;margin-bottom:0;\">\n\t\t\t\t<rs-module id=\"rev_slider_1_1\" style=\"\" data-version=\"6.5.17\">\n\t\t\t\t\t<rs-slides>\n\t\t\t\t\t\t<rs-slide style=\"position: absolute;\" data-key=\"rs-1\" data-title=\"Slide\" data-in=\"o:0;\" data-out=\"a:false;\">\n\t\t\t\t\t\t\t<img loading=\"lazy\" decoding=\"async\" src=\"\/\/yosoysalud.net\/mednatury\/wp-content\/plugins\/revslider\/public\/assets\/assets\/dummy.png\" alt=\"\" title=\"IRIDOLOGIA Y BALINES &#8211; YO SOY SALUD\" width=\"1600\" height=\"900\" class=\"rev-slidebg tp-rs-img rs-lazyload\" data-lazyload=\"\/\/yosoysalud.net\/mednatury\/wp-content\/uploads\/2023\/08\/IRIDOLOGIA-Y-BALINES-YO-SOY-SALUD.jpg\" data-no-retina>\n<!---->\t\t\t\t\t\t<\/rs-slide>\n\t\t\t\t\t<\/rs-slides>\n\t\t\t\t<\/rs-module>\n\t\t\t\t<script>\n\t\t\t\t\tsetREVStartSize({c: 'rev_slider_1_1',rl:[1240,1024,778,480],el:[900],gw:[1600],gh:[900],type:'standard',justify:'',layout:'fullwidth',mh:\"0\"});if (window.RS_MODULES!==undefined && window.RS_MODULES.modules!==undefined && window.RS_MODULES.modules[\"revslider11\"]!==undefined) {window.RS_MODULES.modules[\"revslider11\"].once = false;window.revapi1 = undefined;if (window.RS_MODULES.checkMinimal!==undefined) window.RS_MODULES.checkMinimal()}\n\t\t\t\t<\/script>\n\t\t\t<\/rs-module-wrap>\n\t\t\t<!-- END REVOLUTION SLIDER -->\n\n\t\t\t<!-- START Slider 2 REVOLUTION SLIDER 6.5.17 --><p class=\"rs-p-wp-fix\"><\/p>\n\t\t\t<rs-module-wrap id=\"rev_slider_2_2_wrapper\" data-source=\"gallery\" style=\"visibility:hidden;background:transparent;padding:0;margin:0px auto;margin-top:0;margin-bottom:0;\">\n\t\t\t\t<rs-module id=\"rev_slider_2_2\" style=\"\" data-version=\"6.5.17\">\n\t\t\t\t\t<rs-slides>\n\t\t\t\t\t\t<rs-slide style=\"position: absolute;\" data-key=\"rs-2\" data-title=\"Slide\" data-in=\"o:0;\" data-out=\"a:false;\">\n\t\t\t\t\t\t\t<img loading=\"lazy\" decoding=\"async\" src=\"\/\/yosoysalud.net\/mednatury\/wp-content\/plugins\/revslider\/public\/assets\/assets\/dummy.png\" alt=\"\" title=\"IRIDOLOGIA Y ACUPUNTURA &#8211; YO SOY SALUD\" width=\"1600\" height=\"900\" class=\"rev-slidebg tp-rs-img rs-lazyload\" data-lazyload=\"\/\/yosoysalud.net\/mednatury\/wp-content\/uploads\/2023\/08\/IRIDOLOGIA-Y-ACUPUNTURA-YO-SOY-SALUD.jpg\" data-no-retina>\n<!---->\t\t\t\t\t\t<\/rs-slide>\n\t\t\t\t\t<\/rs-slides>\n\t\t\t\t<\/rs-module>\n\t\t\t\t<script>\n\t\t\t\t\tsetREVStartSize({c: 'rev_slider_2_2',rl:[1240,1024,778,480],el:[900],gw:[1600],gh:[900],type:'standard',justify:'',layout:'fullwidth',mh:\"0\"});if (window.RS_MODULES!==undefined && window.RS_MODULES.modules!==undefined && window.RS_MODULES.modules[\"revslider22\"]!==undefined) {window.RS_MODULES.modules[\"revslider22\"].once = false;window.revapi2 = undefined;if (window.RS_MODULES.checkMinimal!==undefined) window.RS_MODULES.checkMinimal()}\n\t\t\t\t<\/script>\n\t\t\t<\/rs-module-wrap>\n\t\t\t<!-- END REVOLUTION SLIDER -->\n[vc_empty_space][\/vc_column][\/vc_row][vc_row][vc_column][vc_row_inner][vc_column_inner width=&#8221;1\/2&#8243;][vc_column_text]<\/p>\n<div class=\"post-heading-left post-heading-top-desc margin-bottom20\">\n<h2><strong>IRIDOLOG\u00cdA<\/strong><\/h2>\n<\/div>\n<p>La Iridolog\u00eda es un m\u00e9todo cl\u00ednico que consiste en visualiza y analizar el iris del ojo y as\u00ed generar un diagn\u00f3stico certero basado en los signos observables.[\/vc_column_text][\/vc_column_inner][vc_column_inner width=&#8221;1\/2&#8243;][vc_single_image image=&#8221;354&#8243; img_size=&#8221;800&#215;800&#8243; alignment=&#8221;center&#8221; style=&#8221;vc_box_shadow_3d&#8221;][\/vc_column_inner][\/vc_row_inner][\/vc_column][\/vc_row][vc_row][vc_column][vc_row_inner][vc_column_inner width=&#8221;1\/2&#8243;][vc_column_text]<\/p>\n<div class=\"post-heading-left post-heading-top-desc margin-bottom20\">\n<h2><strong>AURICULOTERAPIA<\/strong><\/h2>\n<\/div>\n<p>La AURICULOTERAPIA es un tratamiento alternativo de la medicina tradicional china asociado con la acupuntura (tratamiento terap\u00e9utico con agujas). Consiste en estimular puntos de la oreja para tratar el dolor de alguna parte del cuerpo.<\/p>\n<p>Alivia dolencias como estr\u00e9s, ansiedad, insomnio, depresi\u00f3n, v\u00e9rtigos, lumbago&#8230;<\/p>\n<p>\u00bfQu\u00e9 enfermedades se tratan con la auriculoterapia?<\/p>\n<div class=\"list-icon\">\n<ul>\n<li><i class=\"fa fa-check-square-o\"><\/i>Enfermedades neurol\u00f3gicas.<\/li>\n<li><i class=\"fa fa-check-square-o\"><\/i>Enfermedades de la piel.<\/li>\n<li><i class=\"fa fa-check-square-o\"><\/i>Enfermedades del aparato digestivo.<\/li>\n<li><i class=\"fa fa-check-square-o\"><\/i>Enfermedades del aparato respiratorio.<\/li>\n<li><i class=\"fa fa-check-square-o\"><\/i>Enfermedades del aparato locomotor.<\/li>\n<li><i class=\"fa fa-check-square-o\"><\/i>Enfermedades card\u00edacas.<\/li>\n<li><i class=\"fa fa-check-square-o\"><\/i>Enfermedades del aparato reproductor.<\/li>\n<li><i class=\"fa fa-check-square-o\"><\/i>Enfermedades de la vista.<\/li>\n<\/ul>\n<\/div>\n<p>[\/vc_column_text][\/vc_column_inner][vc_column_inner width=&#8221;1\/2&#8243;][vc_single_image image=&#8221;363&#8243; img_size=&#8221;800&#215;800&#8243; alignment=&#8221;center&#8221; style=&#8221;vc_box_shadow_3d&#8221;][\/vc_column_inner][\/vc_row_inner][\/vc_column][\/vc_row][vc_row][vc_column][vc_row_inner][vc_column_inner width=&#8221;1\/2&#8243;][vc_column_text]<\/p>\n<div class=\"post-heading-left post-heading-top-desc margin-bottom20\">\n<h2><strong>Procedimientos Naturistas<\/strong><\/h2>\n<\/div>\n<div class=\"list-icon\">\n<ul>\n<li><i class=\"fa fa-check-square-o\"><\/i>Medicina Naturista.<\/li>\n<li><i class=\"fa fa-check-square-o\"><\/i>Medicina Cu\u00e1ntica.<\/li>\n<li><i class=\"fa fa-check-square-o\"><\/i>Medicina Biomolecular.<\/li>\n<li><i class=\"fa fa-check-square-o\"><\/i>Medicina Homeopat\u00eda.<\/li>\n<li><i class=\"fa fa-check-square-o\"><\/i>Flores de Bach.<\/li>\n<li><i class=\"fa fa-check-square-o\"><\/i>Auriculoterapia (Aplicaci\u00f3n de balines).<\/li>\n<li><i class=\"fa fa-check-square-o\"><\/i>Toma de glucosa.<\/li>\n<li><i class=\"fa fa-check-square-o\"><\/i>Toma de presi\u00f3n.<\/li>\n<li><i class=\"fa fa-check-square-o\"><\/i>Toma de Peso.<\/li>\n<li><i class=\"fa fa-check-square-o\"><\/i>Diagn\u00f3stico a trav\u00e9s del iris.<\/li>\n<li><i class=\"fa fa-check-square-o\"><\/i>Masaje reductivo y antiestr\u00e9s.<\/li>\n<\/ul>\n<\/div>\n<p>[\/vc_column_text][\/vc_column_inner][vc_column_inner width=&#8221;1\/2&#8243;][vc_single_image image=&#8221;317&#8243; img_size=&#8221;800&#215;800&#8243; alignment=&#8221;center&#8221; style=&#8221;vc_box_shadow_3d&#8221;][\/vc_column_inner][\/vc_row_inner][\/vc_column][\/vc_row][vc_row][vc_column width=&#8221;1\/6&#8243;][\/vc_column][vc_column width=&#8221;2\/3&#8243;][vc_single_image image=&#8221;309&#8243; img_size=&#8221;550&#215;290&#8243; alignment=&#8221;center&#8221;][vc_column_text]<!-- subscription --><div class=\"tnp tnp-subscription\">\n<form method=\"post\" action=\"https:\/\/yosoysalud.net\/mednatury\/?na=s\" onsubmit=\"return newsletter_check(this)\">\n\n<input type=\"hidden\" name=\"nlang\" value=\"\">\n<input type=\"hidden\" name=\"nr\" value=\"page\">\n<div class=\"tnp-field tnp-field-firstname\"><label>Nombre (*):<\/label><input class=\"tnp-firstname\" type=\"text\" name=\"nn\" required><\/div>\n<div class=\"tnp-field tnp-field-email\"><label>Email (*):<\/label><input class=\"tnp-email\" type=\"email\" name=\"ne\" required><\/div>\n<div class=\"tnp-field tnp-field-profile\"><label>Tel\u00e9fono (*):<\/label><input class=\"tnp-profile tnp-profile-1\" type=\"text\" required name=\"np1\"><\/div><div class=\"tnp-field tnp-field-profile\"><label>Ciudad:<\/label><input class=\"tnp-profile tnp-profile-2\" type=\"text\" name=\"np2\"><\/div><div class=\"tnp-field tnp-field-profile\"><label>Comentario\/Pregunta:<\/label><input class=\"tnp-profile tnp-profile-3\" type=\"text\" name=\"np3\"><\/div><div class=\"tnp-field tnp-field-privacy\"><label><input type=\"checkbox\" name=\"ny\" required class=\"tnp-privacy\">&nbsp;<a target=\"_blank\" href=\"https:\/\/yosoysalud.net\/mednatury\/politicas-de-privacidad\/\">By continuing, you accept the privacy policy<\/a><\/label><\/div>\n<div class=\"tnp-field tnp-field-button\"><input class=\"tnp-submit\" type=\"submit\" value=\"ENVIAR\" >\n<\/div>\n<\/form>\n<\/div>\n[\/vc_column_text][\/vc_column][vc_column width=&#8221;1\/6&#8243;][\/vc_column][\/vc_row][vc_row][vc_column]<div id=\"features\" class=\"features-1 padding-top80\"><div class=\"container\"><div class=\"post-heading-center\"><h2 ><strong>MedNatury<\/strong><\/h2><p ><strong>Medico Naturista e Irid\u00f3loga<\/strong><br \/>\n***<br \/>\n<strong>Reforma<\/strong><br \/>\nCalle Oriente 3 #256<br \/>\nColonia Reforma,<br \/>\nMunicipio Nezahualc\u00f3yotl<br \/>\nEdo. de M\u00e9xico, CP 57840<br \/>\n***<br \/>\n<strong>Coyacan<\/strong><br \/>\nAguayo 3<br \/>\nDel Carmen<br \/>\nAlcald\u00eda Coyoac\u00e1n<br \/>\nCDMX, CP 04100.<\/p><\/div><div class=\"row padding-bottom20\"><div class=\"col-sm-4\"><div class=\"affa-feature-img\"><\/div><\/div><\/div><\/div><\/div>[\/vc_column][\/vc_row]<\/p>\n<\/div>","protected":false},"excerpt":{"rendered":"<p>[vc_row][vc_column][vc_empty_space][\/vc_column][\/vc_row][vc_row][vc_column][vc_row_inner][vc_column_inner width=&#8221;1\/2&#8243;][vc_column_text] IRIDOLOG\u00cdA La Iridolog\u00eda es un m\u00e9todo cl\u00ednico que consiste en visualiza y analizar el iris del ojo y as\u00ed generar un diagn\u00f3stico certero basado en los signos observables.[\/vc_column_text][\/vc_column_inner][vc_column_inner width=&#8221;1\/2&#8243;][vc_single_image image=&#8221;354&#8243; img_size=&#8221;800&#215;800&#8243; alignment=&#8221;center&#8221; style=&#8221;vc_box_shadow_3d&#8221;][\/vc_column_inner][\/vc_row_inner][\/vc_column][\/vc_row][vc_row][vc_column][vc_row_inner][vc_column_inner width=&#8221;1\/2&#8243;][vc_column_text] AURICULOTERAPIA La AURICULOTERAPIA es un tratamiento alternativo de la medicina tradicional china asociado con la acupuntura (tratamiento terap\u00e9utico con [&hellip;]<\/p>\n","protected":false},"author":1,"featured_media":0,"parent":0,"menu_order":0,"comment_status":"closed","ping_status":"closed","template":"..\/public\/views\/revslider-page-template.php","meta":{"footnotes":""},"class_list":["post-47","page","type-page","status-publish","hentry"],"_links":{"self":[{"href":"https:\/\/yosoysalud.net\/mednatury\/wp-json\/wp\/v2\/pages\/47","targetHints":{"allow":["GET"]}}],"collection":[{"href":"https:\/\/yosoysalud.net\/mednatury\/wp-json\/wp\/v2\/pages"}],"about":[{"href":"https:\/\/yosoysalud.net\/mednatury\/wp-json\/wp\/v2\/types\/page"}],"author":[{"embeddable":true,"href":"https:\/\/yosoysalud.net\/mednatury\/wp-json\/wp\/v2\/users\/1"}],"replies":[{"embeddable":true,"href":"https:\/\/yosoysalud.net\/mednatury\/wp-json\/wp\/v2\/comments?post=47"}],"version-history":[{"count":30,"href":"https:\/\/yosoysalud.net\/mednatury\/wp-json\/wp\/v2\/pages\/47\/revisions"}],"predecessor-version":[{"id":408,"href":"https:\/\/yosoysalud.net\/mednatury\/wp-json\/wp\/v2\/pages\/47\/revisions\/408"}],"wp:attachment":[{"href":"https:\/\/yosoysalud.net\/mednatury\/wp-json\/wp\/v2\/media?parent=47"}],"curies":[{"name":"wp","href":"https:\/\/api.w.org\/{rel}","templated":true}]}}