{"id":47,"date":"2016-12-06T19:11:26","date_gmt":"2016-12-06T19:11:26","guid":{"rendered":"https:\/\/ninetheme.com\/themes\/conversi\/?page_id=47"},"modified":"2025-01-22T13:04:02","modified_gmt":"2025-01-22T19:04:02","slug":"home-4","status":"publish","type":"page","link":"https:\/\/yosoysalud.net\/joseluisgonzalez\/","title":{"rendered":"DR. JOS\u00c9 LUIS GONZ\u00c1LEZ GRAJEDA"},"content":{"rendered":"<div class=\"wpb-content-wrapper\"><p>[vc_row][vc_column]\n\t\t\t<!-- START Slider 1 REVOLUTION SLIDER 6.5.17 --><p class=\"rs-p-wp-fix\"><\/p>\n\t\t\t<rs-module-wrap id=\"rev_slider_1_1_wrapper\" data-source=\"gallery\" style=\"visibility:hidden;background:transparent;padding:0;margin:0px auto;margin-top:0;margin-bottom:0;\">\n\t\t\t\t<rs-module id=\"rev_slider_1_1\" style=\"\" data-version=\"6.5.17\">\n\t\t\t\t\t<rs-slides>\n\t\t\t\t\t\t<rs-slide style=\"position: absolute;\" data-key=\"rs-1\" data-title=\"Slide\" data-in=\"o:0;\" data-out=\"a:false;\">\n\t\t\t\t\t\t\t<img loading=\"lazy\" decoding=\"async\" src=\"\/\/yosoysalud.net\/joseluisgonzalez\/wp-content\/plugins\/revslider\/public\/assets\/assets\/dummy.png\" alt=\"\" title=\"cirugia y consulta gastrointestinal &#8211; yo soy salud 8\" width=\"1600\" height=\"900\" class=\"rev-slidebg tp-rs-img rs-lazyload\" data-lazyload=\"\/\/yosoysalud.net\/joseluisgonzalez\/wp-content\/uploads\/2020\/07\/cirugia-y-consulta-gastrointestinal-yo-soy-salud-8.jpg\" data-no-retina>\n<!---->\t\t\t\t\t\t<\/rs-slide>\n\t\t\t\t\t<\/rs-slides>\n\t\t\t\t<\/rs-module>\n\t\t\t\t<script>\n\t\t\t\t\tsetREVStartSize({c: 'rev_slider_1_1',rl:[1240,1024,778,480],el:[900],gw:[1600],gh:[900],type:'standard',justify:'',layout:'fullwidth',mh:\"0\"});if (window.RS_MODULES!==undefined && window.RS_MODULES.modules!==undefined && window.RS_MODULES.modules[\"revslider11\"]!==undefined) {window.RS_MODULES.modules[\"revslider11\"].once = false;window.revapi1 = undefined;if (window.RS_MODULES.checkMinimal!==undefined) window.RS_MODULES.checkMinimal()}\n\t\t\t\t<\/script>\n\t\t\t<\/rs-module-wrap>\n\t\t\t<!-- END REVOLUTION SLIDER -->\n[vc_empty_space][\/vc_column][\/vc_row][vc_row css=\u00bb.vc_custom_1613065645414{background-position: center !important;background-repeat: no-repeat !important;background-size: cover !important;}\u00bb][vc_column]<div class=\"features-3\" id=\"features3\"><div class=\"container\"><div class=\"row\"><div class=\"col-md-6 margin-bottom20\"><div class=\"col-txt120\"><div class=\"post-heading-left text-center-sm\"><h2 ><strong>PROMOCIONES TODO<br \/>\nINCLUIDO EN CIRUG\u00cdAS<\/strong><\/h2><p >Promociones:<\/p><\/div><div class=\"section-description\" ><\/p>\n<div class=\"list-icon\">\n<ul>\n<li><i class=\"fa fa-check-square-o\"><\/i>Colecistectomia convencional<br \/>\n(extracci\u00f3n de ves\u00edcula biliar con piedras)<\/li>\n<li><i class=\"fa fa-check-square-o\"><\/i>Colecistectomia laparoscopica.<\/li>\n<li><i class=\"fa fa-check-square-o\"><\/i>Cirug\u00eda de hernias con malla:<br \/>\nInguinal o Umbilical, no complicadas.<\/li>\n<li><i class=\"fa fa-check-square-o\"><\/i>Cirug\u00eda para Reflujo Gastro Esofagico (ERGE).<\/li>\n<li><i class=\"fa fa-check-square-o\"><\/i>Manga g\u00e1strica.<\/li>\n<li><i class=\"fa fa-check-square-o\"><\/i>Bypass g\u00e1strico.<\/li>\n<li><i class=\"fa fa-check-square-o\"><\/i>Colecistitis (Colelitiasis &#8211; Piedras En La Ves\u00edcula).<\/li>\n<\/ul>\n<\/div>\n<p>** Todas las intervenciones previa valoraci\u00f3n m\u00e9dica<br \/>\n** En los procedimientos bari\u00e1tricos se incluye tambi\u00e9n asesoramiento nutricional y psicol\u00f3gico.<\/div><div class=\"row\"><div class=\"col-sm-6\"><div class=\"affa-col-txt\"><\/div><\/div><\/div><\/div><\/div><div class=\"col-sm-8 col-md-6 col-sm-offset-2 col-md-offset-0\"><figure><img decoding=\"async\" src=\"https:\/\/yosoysalud.net\/joseluisgonzalez\/wp-content\/uploads\/2020\/09\/cirugias-yo-soy-salud.jpg\" alt=\"Image\"><\/figure><\/div><\/div><\/div><\/div>[\/vc_column][\/vc_row][vc_row][vc_column]<div id=\"features2\" class=\"features-2\"><div class=\"container\"><div class=\"row padding-bottom20\"><div class=\"col-sm-6 col-md-5 margin-bottom40\"><figure><img decoding=\"async\" src=\"https:\/\/yosoysalud.net\/joseluisgonzalez\/wp-content\/uploads\/2020\/07\/laparoscopia-avanzada-yo-soy-salud.jpg\" alt=\"Image\"><\/figure><\/div><div class=\"col-sm-6 col-md-7 col-lg-6 col-lg-offset-1 margin-bottom20\"><div class=\"col-txt100\"><div class=\"post-heading-left post-heading-top-desc margin-bottom20\"><p >Cirug\u00eda Hepato Pancreato Biliar<\/p><h2 >Cirujano Gastrointestinal<br \/>\n<strong>Laparoscop\u00eda Avanzada<\/strong><\/h2><\/div><p >Manejo m\u00e9dico y quir\u00fargico de patolog\u00edas del tracto gastrointestinal como son:<\/p><div class=\"list-icon\"><ul><li ><i class=\"fa fa-check-square-o\"><\/i> Reflujo Esof\u00e1gico (ERGE -Enfermedad Por Reflujo Gastro Esof\u00e1gico).<\/li><li ><i class=\"fa fa-check-square-o\"><\/i> Acidez Estomacal (Gastritis).<\/li><li ><i class=\"fa fa-check-square-o\"><\/i> Colitis (S\u00edndrome De Intestino Irritable).<\/li><li ><i class=\"fa fa-check-square-o\"><\/i> Diverticulitis.<\/li><li ><i class=\"fa fa-check-square-o\"><\/i> Cirug\u00eda General.<\/li><li ><i class=\"fa fa-check-square-o\"><\/i> Cirug\u00eda De Bocio (Tiroides).<\/li><li ><i class=\"fa fa-check-square-o\"><\/i> Colecistitis (Colelitiasis - Piedras En La Ves\u00edcula).<\/li><\/ul><\/div><\/div><\/div><\/div><\/div><\/div>[\/vc_column][\/vc_row][vc_row css=\u00bb.vc_custom_1598899617044{background-image: url(https:\/\/yosoysalud.net\/joseluisgonzalez\/wp-content\/uploads\/2020\/08\/yo-soy-salud.jpg?id=360) !important;background-position: center !important;background-repeat: no-repeat !important;background-size: cover !important;}\u00bb][vc_column]<div class=\"features-3\" id=\"features3\"><div class=\"container\"><div class=\"row\"><div class=\"col-md-6 margin-bottom20\"><div class=\"col-txt120\"><div class=\"post-heading-left text-center-sm\"><h2 >Cirujano Gastrointestinal<br \/>\n<strong>Laparoscop\u00eda Avanzada<\/strong><\/h2><p >Cirugia Hepato Pancreato Biliar<\/p><\/div><div class=\"section-description\" >Manejo m\u00e9dico y quir\u00fargico de patolog\u00edas del tracto gastrointestinal como son:<\/p>\n<div class=\"list-icon\">\n<ul>\n<li><i class=\"fa fa-check-square-o\"><\/i>Cirug\u00eda De H\u00edgado, V\u00edas Biliares Y P\u00e1ncreas.<\/li>\n<li><i class=\"fa fa-check-square-o\"><\/i>Resoluci\u00f3n De Hernias, Umbilical, Inguinal, Ventral A Cualquier Nivel).<\/li>\n<li><i class=\"fa fa-check-square-o\"><\/i>Cirug\u00edas De Urgencia ( Apendicitis).<\/li>\n<li><i class=\"fa fa-check-square-o\"><\/i>Reparaci\u00f3n De Hernia Hiatal ( Funduplicatura).<\/li>\n<li><i class=\"fa fa-check-square-o\"><\/i>Curaciones.<\/li>\n<li><i class=\"fa fa-check-square-o\"><\/i>Manejo Del Pie Diab\u00e9tico.<\/li>\n<li><i class=\"fa fa-check-square-o\"><\/i>Amputaciones.<\/li>\n<li><i class=\"fa fa-check-square-o\"><\/i>Cirug\u00eda Bari\u00e1trica (Manga G\u00e1strica, Bypass G\u00e1strico).<\/li>\n<\/ul>\n<\/div>\n<p><\/div><div class=\"row\"><div class=\"col-sm-6\"><div class=\"affa-col-txt\"><\/div><\/div><\/div><\/div><\/div><div class=\"col-sm-8 col-md-6 col-sm-offset-2 col-md-offset-0\"><figure><img decoding=\"async\" src=\"https:\/\/yosoysalud.net\/joseluisgonzalez\/wp-content\/uploads\/2020\/07\/bypass-gastrico-yo-soy-salud.jpg\" alt=\"Image\"><\/figure><\/div><\/div><\/div><\/div>[\/vc_column][\/vc_row][vc_row][vc_column]<div id=\"features2\" class=\"features-2\"><div class=\"container\"><div class=\"row padding-bottom20\"><div class=\"col-sm-6 col-md-5 margin-bottom40\"><figure><img decoding=\"async\" src=\"https:\/\/yosoysalud.net\/joseluisgonzalez\/wp-content\/uploads\/2020\/08\/botox-masoterapia-celulas-madre.jpg\" alt=\"Image\"><\/figure><\/div><div class=\"col-sm-6 col-md-7 col-lg-6 col-lg-offset-1 margin-bottom20\"><div class=\"col-txt100\"><div class=\"post-heading-left post-heading-top-desc margin-bottom20\"><h2 >Otros Servicios<\/h2><\/div><p >Que pudieran interesarle:<\/p><div class=\"list-icon\"><ul><li ><i class=\"fa fa-check-square-o\"><\/i> <strong>Toxina Botul\u00ednica (Botox):<\/strong><\/br>\nTiene la capacidad de producir par\u00e1lisis muscular. Su uso es selectivo sobre ciertos m\u00fasculos faciales, que debido a su contracci\u00f3n, producen arrugas din\u00e1micas o de expresi\u00f3n.<\/br>\nEs uno de los tratamientos de est\u00e9tica no quir\u00fargicos m\u00e1s demandados e indicados para el rejuvenecimiento facial.<\/br>\n<\/li><li ><i class=\"fa fa-check-square-o\"><\/i> <strong>Plasma Rico en Plaquetas:<\/strong><\/br> \u00bfSabes qu\u00e9 es el plasma rico en plaquetas?<\/br>\nEs una t\u00e9cnica avanzada de bioregeneraci\u00f3n celular que utiliza las propiedades de nuestra sangre para rejuvenecer, alisar y eliminar l\u00edneas de expresi\u00f3n de la piel.<\/br>\n<\/li><li ><i class=\"fa fa-check-square-o\"><\/i> <strong>Mesoterapia:<\/strong><\/br>\nEs una t\u00e9cnica est\u00e9tica que se basa en la aplicaci\u00f3n de microinyecciones con sustancias que combaten la celulitis, la grasa localizada, las arrugas y la flacidez, que mejora la calidad y el aspecto de la piel.<\/br><\/li><\/ul><\/div><\/div><\/div><\/div><\/div><\/div>[\/vc_column][\/vc_row][vc_row css=\u00bb.vc_custom_1598899636402{background-image: url(https:\/\/yosoysalud.net\/joseluisgonzalez\/wp-content\/uploads\/2020\/08\/yo-soy-salud.jpg?id=360) !important;background-position: center !important;background-repeat: no-repeat !important;background-size: cover !important;}\u00bb][vc_column]<div class=\"features-3\" id=\"features3\"><div class=\"container\"><div class=\"row\"><div class=\"col-md-6 margin-bottom20\"><div class=\"col-txt120\"><div class=\"post-heading-left text-center-sm\"><h2 >Cirug\u00eda <strong>Est\u00e9tica<\/strong><\/h2><\/div><div class=\"section-description\" >Servicios:<\/p>\n<div class=\"list-icon\">\n<ul>\n<li><i class=\"fa fa-check-square-o\"><\/i><strong>Abdominoplastia:<\/strong><br \/>\nEs un procedimiento quir\u00fargico complejo de reconstrucci\u00f3n de la pared abdominal, que consta de eliminaci\u00f3n del exceso de piel, del exceso de grasa y la tensi\u00f3n de los m\u00fasculos de la pared abdominal con el objetivo final de remodelar el abdomen, la cintura y la forma del tronco del cuerpo.<\/li>\n<li><i class=\"fa fa-check-square-o\"><\/i><strong>Bichectom\u00eda:<\/strong><br \/>\nEs una t\u00e9cnica que se realiza mediante una intervenci\u00f3n quir\u00fargica para extraer las bolsas de Bichat, reconocidas por ser c\u00famulos de grasa en las mejillas. Algunas de las grandes ventajas de realizarse esta cirug\u00eda son: No se necesitan de grandes cuidados postoperatorios. La cirug\u00eda no deja marca ni cicatrices. Se puede volver a la rutina diaria de inmediato.<\/li>\n<\/ul>\n<\/div>\n<p><\/div><div class=\"row\"><div class=\"col-sm-6\"><div class=\"affa-col-txt\"><\/div><\/div><\/div><\/div><\/div><div class=\"col-sm-8 col-md-6 col-sm-offset-2 col-md-offset-0\"><figure><img decoding=\"async\" src=\"https:\/\/yosoysalud.net\/joseluisgonzalez\/wp-content\/uploads\/2020\/08\/Abdominoplastia-y-Bichectomia-yo-soy-salud.jpg\" alt=\"Image\"><\/figure><\/div><\/div><\/div><\/div>[\/vc_column][\/vc_row][vc_row][vc_column width=\u00bb1\/6&#8243;][\/vc_column][vc_column width=\u00bb2\/3&#8243;][vc_single_image image=\u00bb324&#8243; img_size=\u00bb550X290&#8243; alignment=\u00bbcenter\u00bb][vc_column_text]<!-- subscription --><div class=\"tnp tnp-subscription\">\n<form method=\"post\" action=\"https:\/\/yosoysalud.net\/joseluisgonzalez\/?na=s\" onsubmit=\"return newsletter_check(this)\">\n\n<input type=\"hidden\" name=\"nlang\" value=\"\">\n<input type=\"hidden\" name=\"nr\" value=\"page\">\n<div class=\"tnp-field tnp-field-firstname\"><label>Nombre (*):<\/label><input class=\"tnp-firstname\" type=\"text\" name=\"nn\" required><\/div>\n<div class=\"tnp-field tnp-field-email\"><label>Email (*):<\/label><input class=\"tnp-email\" type=\"email\" name=\"ne\" required><\/div>\n<div class=\"tnp-field tnp-field-profile\"><label>Celular (*):<\/label><input class=\"tnp-profile tnp-profile-1\" type=\"text\" required name=\"np1\"><\/div><div class=\"tnp-field tnp-field-profile\"><label>Ciudad:<\/label><input class=\"tnp-profile tnp-profile-2\" type=\"text\" name=\"np2\"><\/div><div class=\"tnp-field tnp-field-profile\"><label>Comentario\/Pregunta:<\/label><input class=\"tnp-profile tnp-profile-3\" type=\"text\" name=\"np3\"><\/div><div class=\"tnp-field tnp-field-privacy\"><label><input type=\"checkbox\" name=\"ny\" required class=\"tnp-privacy\">&nbsp;<a target=\"_blank\" href=\"https:\/\/yosoysalud.net\/joseluisgonzalez\/politicas-de-privacidad\/\">Si contin\u00faas, aceptas la pol\u00edtica de privacidad<\/a><\/label><\/div>\n<div class=\"tnp-field tnp-field-button\"><input class=\"tnp-submit\" type=\"submit\" value=\"ENVIAR\" >\n<\/div>\n<\/form>\n<\/div>\n[\/vc_column_text][\/vc_column][vc_column width=\u00bb1\/6&#8243;][\/vc_column][\/vc_row][vc_row][vc_column]<div id=\"features\" class=\"features-1 padding-top80\"><div class=\"container\"><div class=\"post-heading-center\"><h2 >DR. JOS\u00c9 LUIS GONZ\u00c1LEZ GRAJEDA<\/h2><p ><strong>Cirujano Gastrointestinal,<br \/>\nLaparoscop\u00eda Avanzada y<br \/>\nHepato Pancreato Biliar<\/strong><br \/>\n****<br \/>\nM\u00e9dico Cirujano ``Universidad Aut\u00f3noma de Veracruz Villa Rica. C\u00e9dula: 4789931.<br \/>\nEspecialidad en Cirug\u00eda General ``SSA Hospital Regional de R\u00edo Blanco``, C\u00e9dula: 7600579<br \/>\nLaparoscop\u00eda Avanzada ``Hospital General Regional No. 01, Tijuana, Baja California.<br \/>\nCirug\u00eda Biliodigestiva ``Hospital de Especialidades No. 2, CD. Obreg\u00f3n, Sonora.<br \/>\n*************<br \/>\nCONSULTORIO EN:<br \/>\n<strong>Hospital MediMAC Boca del R\u00edo<\/strong><br \/>\nConsultorio 21<br \/>\nUrban Center Boca del R\u00edo<br \/>\nCalzada Juan Pablo II #1728<br \/>\nEsquina Calzada L\u00e1zaro C\u00e1rdenas<br \/>\nFraccionamiento Galaxia<br \/>\nBoca del R\u00edo, Veracruz,<br \/>\nM\u00e9xico, CP 94294<\/p><\/div><div class=\"row padding-bottom20\"><div class=\"col-sm-4\"><div class=\"affa-feature-img\"><\/div><\/div><\/div><\/div><\/div>[\/vc_column][\/vc_row]<\/p>\n<\/div>","protected":false},"excerpt":{"rendered":"<p>[vc_row][vc_column][vc_empty_space][\/vc_column][\/vc_row][vc_row css=\u00bb.vc_custom_1613065645414{background-position: center !important;background-repeat: no-repeat !important;background-size: cover !important;}\u00bb][vc_column][\/vc_column][\/vc_row][vc_row][vc_column][\/vc_column][\/vc_row][vc_row css=\u00bb.vc_custom_1598899617044{background-image: url(https:\/\/yosoysalud.net\/joseluisgonzalez\/wp-content\/uploads\/2020\/08\/yo-soy-salud.jpg?id=360) !important;background-position: center !important;background-repeat: no-repeat !important;background-size: cover !important;}\u00bb][vc_column][\/vc_column][\/vc_row][vc_row][vc_column][\/vc_column][\/vc_row][vc_row css=\u00bb.vc_custom_1598899636402{background-image: url(https:\/\/yosoysalud.net\/joseluisgonzalez\/wp-content\/uploads\/2020\/08\/yo-soy-salud.jpg?id=360) !important;background-position: center !important;background-repeat: no-repeat !important;background-size: cover !important;}\u00bb][vc_column][\/vc_column][\/vc_row][vc_row][vc_column width=\u00bb1\/6&#8243;][\/vc_column][vc_column width=\u00bb2\/3&#8243;][vc_single_image image=\u00bb324&#8243; img_size=\u00bb550X290&#8243; alignment=\u00bbcenter\u00bb][vc_column_text][\/vc_column_text][\/vc_column][vc_column width=\u00bb1\/6&#8243;][\/vc_column][\/vc_row][vc_row][vc_column][\/vc_column][\/vc_row]<\/p>\n","protected":false},"author":1,"featured_media":0,"parent":0,"menu_order":0,"comment_status":"closed","ping_status":"closed","template":"..\/public\/views\/revslider-page-template.php","meta":{"footnotes":""},"class_list":["post-47","page","type-page","status-publish","hentry"],"aioseo_notices":[],"_links":{"self":[{"href":"https:\/\/yosoysalud.net\/joseluisgonzalez\/wp-json\/wp\/v2\/pages\/47","targetHints":{"allow":["GET"]}}],"collection":[{"href":"https:\/\/yosoysalud.net\/joseluisgonzalez\/wp-json\/wp\/v2\/pages"}],"about":[{"href":"https:\/\/yosoysalud.net\/joseluisgonzalez\/wp-json\/wp\/v2\/types\/page"}],"author":[{"embeddable":true,"href":"https:\/\/yosoysalud.net\/joseluisgonzalez\/wp-json\/wp\/v2\/users\/1"}],"replies":[{"embeddable":true,"href":"https:\/\/yosoysalud.net\/joseluisgonzalez\/wp-json\/wp\/v2\/comments?post=47"}],"version-history":[{"count":47,"href":"https:\/\/yosoysalud.net\/joseluisgonzalez\/wp-json\/wp\/v2\/pages\/47\/revisions"}],"predecessor-version":[{"id":439,"href":"https:\/\/yosoysalud.net\/joseluisgonzalez\/wp-json\/wp\/v2\/pages\/47\/revisions\/439"}],"wp:attachment":[{"href":"https:\/\/yosoysalud.net\/joseluisgonzalez\/wp-json\/wp\/v2\/media?parent=47"}],"curies":[{"name":"wp","href":"https:\/\/api.w.org\/{rel}","templated":true}]}}