{"id":13,"date":"2026-02-09T18:00:59","date_gmt":"2026-02-09T18:00:59","guid":{"rendered":"https:\/\/yosoysalud.net\/1100\/?page_id=13"},"modified":"2026-02-17T17:57:28","modified_gmt":"2026-02-17T23:57:28","slug":"quirofanos-equipados-para-cirujanos-en-cdmx","status":"publish","type":"page","link":"https:\/\/yosoysalud.net\/1100\/","title":{"rendered":"Quir\u00f3fanos equipados para cirujanos en CDMX"},"content":{"rendered":"<p>[vc_row][vc_column]\n\t\t\t<!-- START Slider 1 REVOLUTION SLIDER 6.5.17 --><p class=\"rs-p-wp-fix\"><\/p>\n\t\t\t<rs-module-wrap id=\"rev_slider_1_1_wrapper\" data-source=\"gallery\" style=\"visibility:hidden;background:transparent;padding:0;margin:0px auto;margin-top:0;margin-bottom:0;\">\n\t\t\t\t<rs-module id=\"rev_slider_1_1\" style=\"\" data-version=\"6.5.17\">\n\t\t\t\t\t<rs-slides>\n\t\t\t\t\t\t<rs-slide style=\"position: absolute;\" data-key=\"rs-1\" data-title=\"Slide\" data-in=\"o:0;\" data-out=\"a:false;\">\n\t\t\t\t\t\t\t<img loading=\"lazy\" decoding=\"async\" src=\"\/\/yosoysalud.net\/1100\/wp-content\/plugins\/revslider\/public\/assets\/assets\/dummy.png\" alt=\"\" title=\"renta de quirofanos en coyoacan &#8211; grupo medico del carmen\" width=\"1536\" height=\"1024\" class=\"rev-slidebg tp-rs-img rs-lazyload\" data-lazyload=\"\/\/yosoysalud.net\/1100\/wp-content\/uploads\/2026\/02\/renta-de-quirofanos-en-coyoacan-grupo-medico-del-carmen.png\" data-no-retina>\n<!---->\t\t\t\t\t\t<\/rs-slide>\n\t\t\t\t\t<\/rs-slides>\n\t\t\t\t<\/rs-module>\n\t\t\t\t<script>\n\t\t\t\t\tsetREVStartSize({c: 'rev_slider_1_1',rl:[1240,1024,778,480],el:[1024],gw:[1536],gh:[1024],type:'standard',justify:'',layout:'fullwidth',mh:\"0\"});if (window.RS_MODULES!==undefined && window.RS_MODULES.modules!==undefined && window.RS_MODULES.modules[\"revslider11\"]!==undefined) {window.RS_MODULES.modules[\"revslider11\"].once = false;window.revapi1 = undefined;if (window.RS_MODULES.checkMinimal!==undefined) window.RS_MODULES.checkMinimal()}\n\t\t\t\t<\/script>\n\t\t\t<\/rs-module-wrap>\n\t\t\t<!-- END REVOLUTION SLIDER -->\n[vc_empty_space][\/vc_column][\/vc_row][vc_row][vc_column]<div class=\"features-3\" id=\"feature3\"><div class=\"container\"><div class=\"row\"><div class=\"col-md-6 margin-bottom20\"><div class=\"col-txt120\"><div class=\"post-heading-left text-center-sm\"><h2 >Un <strong>espacio quir\u00fargico<\/strong><br \/>\nque respalda al cirujano<\/h2><\/div><div class=\"section-description\" >Dise\u00f1ado para <strong>cirujanos<\/strong>:<\/p>\n<div class=\"list-icon\">\n<ul>\n<li><i class=\"fa fa-check-square-o\"><\/i>Ortopedistas<\/li>\n<li><i class=\"fa fa-check-square-o\"><\/i>Generales<\/li>\n<li><i class=\"fa fa-check-square-o\"><\/i>Pl\u00e1sticos<\/li>\n<li><i class=\"fa fa-check-square-o\"><\/i>Otorrinolaring\u00f3logos y<\/li>\n<li><i class=\"fa fa-check-square-o\"><\/i>Ginec\u00f3logos<\/li>\n<\/ul>\n<\/div>\n<p>que requieren un <strong>quir\u00f3fano confiable, funcional y autorizado<\/strong> para realizar cirug\u00edas con total respaldo.<\/div><div class=\"row\"><div class=\"col-sm-6\"><div class=\"affa-col-txt\"><\/div><\/div><\/div><\/div><\/div><div class=\"col-sm-8 col-md-6 col-sm-offset-2 col-md-offset-0\"><figure><img decoding=\"async\" src=\"https:\/\/yosoysalud.net\/1100\/wp-content\/uploads\/2026\/02\/quirofanp-1-grupo-medico-el-carmen.jpg\" alt=\"Image\"><\/figure><\/div><\/div><\/div><\/div>[\/vc_column][\/vc_row][vc_row][vc_column]<div id=\"feature2\" class=\"features-2\"><div class=\"container\"><div class=\"row padding-bottom20\"><div class=\"col-sm-6 col-md-5 margin-bottom40\"><figure><img decoding=\"async\" src=\"https:\/\/yosoysalud.net\/1100\/wp-content\/uploads\/2026\/02\/quirofanos-todo-incluido-en-grupo-medico-el-carmen.jpg\" alt=\"Image\"><\/figure><\/div><div class=\"col-sm-6 col-md-7 col-lg-6 col-lg-offset-1 margin-bottom20\"><div class=\"col-txt100\"><div class=\"post-heading-left post-heading-top-desc margin-bottom20\"><p >SIN COSTOS OCULTOS<\/p><h2 ><strong>Infraestructura quir\u00fargica<\/strong> completa<\/h2><\/div><p >La renta del quir\u00f3fano incluye:<\/p><div class=\"list-icon\"><ul><li ><i class=\"fa fa-check-square-o\"><\/i> Sala quir\u00fargica equipada<\/li><li ><i class=\"fa fa-check-square-o\"><\/i> Mesa quir\u00fargica<\/li><li ><i class=\"fa fa-check-square-o\"><\/i> M\u00e1quina de anestesia<\/li><li ><i class=\"fa fa-check-square-o\"><\/i> Electrocauterio<\/li><li ><i class=\"fa fa-check-square-o\"><\/i> Ox\u00edgeno, Ox\u00edmetro y aspirador<\/li><li ><i class=\"fa fa-check-square-o\"><\/i> Monitor<\/li><li ><i class=\"fa fa-check-square-o\"><\/i> Sala de recuperaci\u00f3n quir\u00fargica<\/li><li ><i class=\"fa fa-check-square-o\"><\/i> Habitaci\u00f3n con cama el\u00e9ctrica multiposici\u00f3n<\/li><li ><i class=\"fa fa-check-square-o\"><\/i> Enfermero\/a instrumentista y circulante<\/li><li ><i class=\"fa fa-check-square-o\"><\/i> Monitoreo continuo durante toda la estancia del paciente<\/li><\/ul><\/div><\/div><\/div><\/div><\/div><\/div>[\/vc_column][\/vc_row][vc_row][vc_column]<div class=\"features-3\" id=\"feature3\"><div class=\"container\"><div class=\"row\"><div class=\"col-md-6 margin-bottom20\"><div class=\"col-txt120\"><div class=\"post-heading-left text-center-sm\"><h2 ><strong>Quir\u00f3fano autorizado<\/strong><br \/>\npara estancias controladas<\/h2><\/div><div class=\"section-description\" >Espacio habilitado para:<\/p>\n<div class=\"list-icon\">\n<ul>\n<li><i class=\"fa fa-check-square-o\"><\/i><strong>Cirug\u00edas ambulatorias<\/strong>, donde el paciente egresa el mismo d\u00eda, y<\/li>\n<li><i class=\"fa fa-check-square-o\"><\/i><strong>Cirug\u00edas de corta estancia<\/strong> con observaci\u00f3n de una noche<\/li>\n<\/ul>\n<\/div>\n<p>operando siempre bajo supervisi\u00f3n profesional y en cumplimiento con la normatividad sanitaria vigente.<\/p>\n<p>El quir\u00f3fano cuenta con <strong>licencia sanitaria<\/strong>, lo que brinda seguridad cl\u00ednica, respaldo normativo y tranquilidad para el cirujano y el paciente.<\/div><div class=\"row\"><div class=\"col-sm-6\"><div class=\"affa-col-txt\"><\/div><\/div><\/div><\/div><\/div><div class=\"col-sm-8 col-md-6 col-sm-offset-2 col-md-offset-0\"><figure><img decoding=\"async\" src=\"https:\/\/yosoysalud.net\/1100\/wp-content\/uploads\/2026\/02\/corta-estancia-en-grupo-medico-el-carmen-1.jpg\" alt=\"Image\"><\/figure><\/div><\/div><\/div><\/div>[\/vc_column][\/vc_row][vc_row][vc_column width=\u00bb1\/4&#8243;][\/vc_column][vc_column width=\u00bb1\/2&#8243;][vc_empty_space][vc_single_image image=\u00bb20&#8243; img_size=\u00bb550&#215;290&#8243; alignment=\u00bbcenter\u00bb][vc_column_text]<!-- subscription --><div class=\"tnp tnp-subscription\">\n<form method=\"post\" action=\"https:\/\/yosoysalud.net\/1100\/?na=s\" onsubmit=\"return newsletter_check(this)\">\n\n<input type=\"hidden\" name=\"nlang\" value=\"\">\n<input type=\"hidden\" name=\"nr\" value=\"page\">\n<div class=\"tnp-field tnp-field-firstname\"><label>Nombre Completo (*):<\/label><input class=\"tnp-firstname\" type=\"text\" name=\"nn\" required><\/div>\n<div class=\"tnp-field tnp-field-email\"><label>Email (*):<\/label><input class=\"tnp-email\" type=\"email\" name=\"ne\" required><\/div>\n<div class=\"tnp-field tnp-field-profile\"><label>Especialidad M\u00e9dica:<\/label><input class=\"tnp-profile tnp-profile-1\" type=\"text\" name=\"np1\"><\/div><div class=\"tnp-field tnp-field-profile\"><label>Tel\u00e9fono \/ WhatsApp (*):<\/label><input class=\"tnp-profile tnp-profile-2\" type=\"text\" required name=\"np2\"><\/div><div class=\"tnp-field tnp-field-profile\"><label>Tipo de Cirug\u00eda:<\/label><select class=\"tnp-profile tnp-profile-3\" name=\"np3\" >\n<option><\/option>\n<option>Ambulatoria<\/option>\n<option>Corta Estancia<\/option>\n<\/select>\n<\/div><div class=\"tnp-field tnp-field-profile\"><label>Dudas o Comentarios:<\/label><input class=\"tnp-profile tnp-profile-4\" type=\"text\" name=\"np4\"><\/div><div class=\"tnp-field tnp-field-privacy\"><label><input type=\"checkbox\" name=\"ny\" required class=\"tnp-privacy\">&nbsp;Si contin\u00faas, aceptas la pol\u00edtica de privacidad<\/label><\/div>\n<div class=\"tnp-field tnp-field-button\"><input class=\"tnp-submit\" type=\"submit\" value=\"Solicitar informaci\u00f3n\" >\n<\/div>\n<\/form>\n<\/div>\n[\/vc_column_text][\/vc_column][vc_column width=\u00bb1\/4&#8243;][\/vc_column][\/vc_row][vc_row][vc_column][vc_single_image image=\u00bb22&#8243; img_size=\u00bb250&#215;250&#8243; alignment=\u00bbcenter\u00bb css=\u00bb.vc_custom_1770676182156{margin-bottom: -75px !important;}\u00bb]<div id=\"features\" class=\"features-1 padding-top80\"><div class=\"container\"><div class=\"post-heading-center\"><p >C. Xicot\u00e9ncatl 261,<br \/>\nColonia Del Carmen,<br \/>\nAlcald\u00eda Coyoac\u00e1n,<br \/>\nCiudad de M\u00e9xico,<br \/>\nCDMX, CP 04100<\/p><\/div><div class=\"row padding-bottom20\"><div class=\"col-sm-4\"><div class=\"affa-feature-img\"><\/div><\/div><\/div><\/div><\/div>[\/vc_column][\/vc_row]<\/p>\n","protected":false},"excerpt":{"rendered":"<p>[vc_row][vc_column][vc_empty_space][\/vc_column][\/vc_row][vc_row][vc_column][\/vc_column][\/vc_row][vc_row][vc_column][\/vc_column][\/vc_row][vc_row][vc_column][\/vc_column][\/vc_row][vc_row][vc_column width=\u00bb1\/4&#8243;][\/vc_column][vc_column width=\u00bb1\/2&#8243;][vc_empty_space][vc_single_image image=\u00bb20&#8243; img_size=\u00bb550&#215;290&#8243; alignment=\u00bbcenter\u00bb][vc_column_text][\/vc_column_text][\/vc_column][vc_column width=\u00bb1\/4&#8243;][\/vc_column][\/vc_row][vc_row][vc_column][vc_single_image image=\u00bb22&#8243; img_size=\u00bb250&#215;250&#8243; alignment=\u00bbcenter\u00bb css=\u00bb.vc_custom_1770676182156{margin-bottom: -75px !important;}\u00bb][\/vc_column][\/vc_row]<\/p>\n","protected":false},"author":1,"featured_media":0,"parent":0,"menu_order":0,"comment_status":"closed","ping_status":"closed","template":"..\/public\/views\/revslider-page-template.php","meta":{"footnotes":""},"class_list":["post-13","page","type-page","status-publish","hentry"],"_links":{"self":[{"href":"https:\/\/yosoysalud.net\/1100\/wp-json\/wp\/v2\/pages\/13","targetHints":{"allow":["GET"]}}],"collection":[{"href":"https:\/\/yosoysalud.net\/1100\/wp-json\/wp\/v2\/pages"}],"about":[{"href":"https:\/\/yosoysalud.net\/1100\/wp-json\/wp\/v2\/types\/page"}],"author":[{"embeddable":true,"href":"https:\/\/yosoysalud.net\/1100\/wp-json\/wp\/v2\/users\/1"}],"replies":[{"embeddable":true,"href":"https:\/\/yosoysalud.net\/1100\/wp-json\/wp\/v2\/comments?post=13"}],"version-history":[{"count":20,"href":"https:\/\/yosoysalud.net\/1100\/wp-json\/wp\/v2\/pages\/13\/revisions"}],"predecessor-version":[{"id":49,"href":"https:\/\/yosoysalud.net\/1100\/wp-json\/wp\/v2\/pages\/13\/revisions\/49"}],"wp:attachment":[{"href":"https:\/\/yosoysalud.net\/1100\/wp-json\/wp\/v2\/media?parent=13"}],"curies":[{"name":"wp","href":"https:\/\/api.w.org\/{rel}","templated":true}]}}